{"id":57,"date":"2020-03-17T09:29:19","date_gmt":"2020-03-17T09:29:19","guid":{"rendered":"http:\/\/fewo-stephan.info\/?page_id=57"},"modified":"2025-07-22T07:36:50","modified_gmt":"2025-07-22T07:36:50","slug":"impressum-2","status":"publish","type":"page","link":"https:\/\/fewo-th\u00fcringen.de\/?page_id=57","title":{"rendered":"Impressum"},"content":{"rendered":"\n<p>Name und Anschrift:<br><br>Ferienwohnungen Chris Stephan<br>Ortsteil Oberwei\u00dfbach<br>Fr\u00f6belstra\u00dfe 1<br>98744 Schwarzatal<br><br>Ansprechpartner:<br><br>Chris Stephan<br><br>Telefon\/Fax\/email:<br><br>Telefon: 036705\/20630<br>Telefax: 036705\/20631<br>email: fewo@likoerfabrik-trapp.de<br><br><br>Streitbeilegung: <br>Wir sind zur Beilegung von Streitigkeiten mit Verbrauchern vor einer Schlichtungsstelle weder bereit noch verpflichtet.<br><br>Haftungshinweis:  <br>Unser Angebot enth\u00e4lt Links zu externen Webseiten Dritter, auf deren\u00a0Inhalte wir keinen Einfluss haben. Deshalb k\u00f6nnen wir f\u00fcr diese fremden\u00a0Inhalte auch keine Gew\u00e4hr \u00fcbernehmen. F\u00fcr die Inhalte der verlinkten Seiten ist stets der jeweilige Anbieter oder Betreiber der Seiten\u00a0verantwortlich. Die verlinkten Seiten wurden zum Zeitpunkt der Verlinkung auf m\u00f6gliche Rechtsverst\u00f6\u00dfe \u00fcberpr\u00fcft. Rechtswidrige Inhalte waren zum Zeitpunkt der Verlinkung nicht erkennbar. Eine permanente\u00a0inhaltliche Kontrolle der verlinkten Seiten ist jedoch ohne konkrete\u00a0Anhaltspunkte einer Rechtsverletzung nicht zumutbar. Bei bekannt werden\u00a0von Rechtsverletzungen werden wir derartige Links umgehend entfernen.<\/p>\n\n\n\n<p>Urheberrecht:<strong><br><\/strong>Die durch den Seitenbetreiber erstellten Inhalte und Werke auf diesen Seiten unterliegen dem deutschen Urheberrecht. Beitr\u00e4ge Dritter sind als solche gekennzeichnet. Die Vervielf\u00e4ltigung, Bearbeitung, Verbreitung und jede Art der Verwertung au\u00dferhalb der Grenzen des Urheberrechtes bed\u00fcrfen der schriftlichen Zustimmung des jeweiligen Autors bzw. Erstellers. Downloads und Kopien dieser Seite sind nur f\u00fcr den privaten, nicht kommerziellen Gebrauch gestattet. Die Betreiber der Seiten sind bem\u00fcht, stets die Urheberrechte anderer zu beachten bzw. auf selbst erstellte sowie lizenzfreie Werke zur\u00fcckzugreifen.<\/p>\n","protected":false},"excerpt":{"rendered":"<p>Name und Anschrift: Ferienwohnungen Chris StephanOrtsteil Oberwei\u00dfbachFr\u00f6belstra\u00dfe 198744 Schwarzatal Ansprechpartner: Chris Stephan Telefon\/Fax\/email: Telefon: 036705\/20630Telefax: 036705\/20631email: fewo@likoerfabrik-trapp.de Streitbeilegung: Wir sind zur Beilegung von Streitigkeiten mit Verbrauchern vor einer Schlichtungsstelle weder bereit noch verpflichtet. Haftungshinweis: Unser Angebot enth\u00e4lt Links zu externen Webseiten Dritter, auf deren\u00a0Inhalte wir keinen Einfluss haben. Deshalb k\u00f6nnen wir f\u00fcr diese fremden\u00a0Inhalte auch [&hellip;]<\/p>\n","protected":false},"author":1,"featured_media":0,"parent":0,"menu_order":6,"comment_status":"closed","ping_status":"closed","template":"","meta":{"ngg_post_thumbnail":0},"_links":{"self":[{"href":"https:\/\/fewo-th\u00fcringen.de\/index.php?rest_route=\/wp\/v2\/pages\/57"}],"collection":[{"href":"https:\/\/fewo-th\u00fcringen.de\/index.php?rest_route=\/wp\/v2\/pages"}],"about":[{"href":"https:\/\/fewo-th\u00fcringen.de\/index.php?rest_route=\/wp\/v2\/types\/page"}],"author":[{"embeddable":true,"href":"https:\/\/fewo-th\u00fcringen.de\/index.php?rest_route=\/wp\/v2\/users\/1"}],"replies":[{"embeddable":true,"href":"https:\/\/fewo-th\u00fcringen.de\/index.php?rest_route=%2Fwp%2Fv2%2Fcomments&post=57"}],"version-history":[{"count":10,"href":"https:\/\/fewo-th\u00fcringen.de\/index.php?rest_route=\/wp\/v2\/pages\/57\/revisions"}],"predecessor-version":[{"id":885,"href":"https:\/\/fewo-th\u00fcringen.de\/index.php?rest_route=\/wp\/v2\/pages\/57\/revisions\/885"}],"wp:attachment":[{"href":"https:\/\/fewo-th\u00fcringen.de\/index.php?rest_route=%2Fwp%2Fv2%2Fmedia&parent=57"}],"curies":[{"name":"wp","href":"https:\/\/api.w.org\/{rel}","templated":true}]}}