{"id":53,"date":"2020-03-17T09:27:44","date_gmt":"2020-03-17T09:27:44","guid":{"rendered":"http:\/\/fewo-stephan.info\/?page_id=53"},"modified":"2025-02-17T15:07:36","modified_gmt":"2025-02-17T15:07:36","slug":"angebote","status":"publish","type":"page","link":"https:\/\/fewo-th\u00fcringen.de\/?page_id=53","title":{"rendered":"All-Inclusive G\u00e4stekarte"},"content":{"rendered":"\n<figure class=\"wp-block-image size-large\"><img loading=\"lazy\" width=\"1024\" height=\"640\" src=\"https:\/\/fewo-th\u00fcringen.de\/wp-content\/uploads\/2024\/04\/AI-Gastgeber-Oberweissbach2-1-1024x640.png\" alt=\"\" class=\"wp-image-825\" srcset=\"https:\/\/fewo-th\u00fcringen.de\/wp-content\/uploads\/2024\/04\/AI-Gastgeber-Oberweissbach2-1-1024x640.png 1024w, https:\/\/fewo-th\u00fcringen.de\/wp-content\/uploads\/2024\/04\/AI-Gastgeber-Oberweissbach2-1-300x187.png 300w, https:\/\/fewo-th\u00fcringen.de\/wp-content\/uploads\/2024\/04\/AI-Gastgeber-Oberweissbach2-1-768x480.png 768w, https:\/\/fewo-th\u00fcringen.de\/wp-content\/uploads\/2024\/04\/AI-Gastgeber-Oberweissbach2-1-1536x960.png 1536w, https:\/\/fewo-th\u00fcringen.de\/wp-content\/uploads\/2024\/04\/AI-Gastgeber-Oberweissbach2-1.png 1890w\" sizes=\"(max-width: 1024px) 100vw, 1024px\" \/><\/figure>\n\n\n\n<p>Seit dem 04.11.2024 k\u00f6nnen Sie mit Ihrer All-Inclusive-G\u00e4stekarte, welche Sie exklusiv von uns bei Anreise erhalten (nicht bei gewerblichen Aufenthalten), zahlreiche Freizeiteinrichtungen im gesamten Th\u00fcringer Wald kostenfrei besuchen. Tauchen Sie ab im Saalemaxx, wandeln Sie durch die f\u00fcrstlichen Erlebniswelten in Schwarzburg oder unternehmen Sie einen Ausflug in die Feengrottenstadt Saalfeld, fahren Sie eine Runde auf dem &#8222;Th\u00fcringer Meer&#8220; oder drehen sie eine Runde mit den Skiern in Oberhof. Museen &amp; Ausstellungen, Burgen &amp; Schl\u00f6sser, H\u00f6hlen &amp; Schaubergwerke, Thermen &amp; Freib\u00e4der, Stadtf\u00fchrungen und erlebbares Handwerk \u2013 all das k\u00f6nnen Sie mit Ihrer All Inclusive-G\u00e4stekarte seit November 2024 erleben, ohne extra daf\u00fcr zahlen zu m\u00fcssen. Einfach Ihre All Inclusive-G\u00e4stekarte vorzeigen und kostenfrei eintreten.<\/p>\n\n\n\n<div class=\"wp-container-1 is-content-justification-center wp-block-buttons\">\n<div class=\"wp-block-button\"><a class=\"wp-block-button__link has-vivid-cyan-blue-background-color has-background\" href=\"https:\/\/fewo-th\u00fcringen.de\/wp-content\/uploads\/2024\/05\/AI-Nutzungsbeispiele.pdf\" target=\"_blank\" rel=\"noreferrer noopener\">Nutzungsbeispiele AI-Card<\/a><\/div>\n\n\n\n<div class=\"wp-block-button\"><a class=\"wp-block-button__link has-vivid-cyan-blue-background-color has-background\" href=\"https:\/\/fewo-th\u00fcringen.de\/wp-content\/uploads\/2024\/05\/AIl-Inclusive-Freizeitpartner-1.pdf\" target=\"_blank\" rel=\"noreferrer noopener\">\u00dcbersicht Freizeitpartner<\/a><\/div>\n<\/div>\n\n\n\n<p><\/p>\n","protected":false},"excerpt":{"rendered":"<p>Seit dem 04.11.2024 k\u00f6nnen Sie mit Ihrer All-Inclusive-G\u00e4stekarte, welche Sie exklusiv von uns bei Anreise erhalten (nicht bei gewerblichen Aufenthalten), zahlreiche Freizeiteinrichtungen im gesamten Th\u00fcringer Wald kostenfrei besuchen. Tauchen Sie ab im Saalemaxx, wandeln Sie durch die f\u00fcrstlichen Erlebniswelten in Schwarzburg oder unternehmen Sie einen Ausflug in die Feengrottenstadt Saalfeld, fahren Sie eine Runde auf [&hellip;]<\/p>\n","protected":false},"author":1,"featured_media":0,"parent":0,"menu_order":4,"comment_status":"closed","ping_status":"closed","template":"","meta":{"ngg_post_thumbnail":0},"_links":{"self":[{"href":"https:\/\/fewo-th\u00fcringen.de\/index.php?rest_route=\/wp\/v2\/pages\/53"}],"collection":[{"href":"https:\/\/fewo-th\u00fcringen.de\/index.php?rest_route=\/wp\/v2\/pages"}],"about":[{"href":"https:\/\/fewo-th\u00fcringen.de\/index.php?rest_route=\/wp\/v2\/types\/page"}],"author":[{"embeddable":true,"href":"https:\/\/fewo-th\u00fcringen.de\/index.php?rest_route=\/wp\/v2\/users\/1"}],"replies":[{"embeddable":true,"href":"https:\/\/fewo-th\u00fcringen.de\/index.php?rest_route=%2Fwp%2Fv2%2Fcomments&post=53"}],"version-history":[{"count":16,"href":"https:\/\/fewo-th\u00fcringen.de\/index.php?rest_route=\/wp\/v2\/pages\/53\/revisions"}],"predecessor-version":[{"id":872,"href":"https:\/\/fewo-th\u00fcringen.de\/index.php?rest_route=\/wp\/v2\/pages\/53\/revisions\/872"}],"wp:attachment":[{"href":"https:\/\/fewo-th\u00fcringen.de\/index.php?rest_route=%2Fwp%2Fv2%2Fmedia&parent=53"}],"curies":[{"name":"wp","href":"https:\/\/api.w.org\/{rel}","templated":true}]}}