{"id":46,"date":"2020-03-17T09:18:21","date_gmt":"2020-03-17T09:18:21","guid":{"rendered":"http:\/\/fewo-stephan.info\/?page_id=46"},"modified":"2020-03-26T14:10:53","modified_gmt":"2020-03-26T14:10:53","slug":"kontakt","status":"publish","type":"page","link":"https:\/\/fewo-th\u00fcringen.de\/?page_id=46","title":{"rendered":"Kontakt"},"content":{"rendered":"\n<p>Wenn  wir Ihr Interesse f\u00fcr einen erholsamen Urlaub in unserer Ferienwohnung  geweckt haben, wenden Sie sich bitte telefonisch oder schriftlich an:<br><br>Chris Stephan<br>Ortsteil Oberwei\u00dfbach<br>Fr\u00f6belstra\u00dfe 1<br>98744 Schwarzatal<br><br>Telefon: 036705\/20630<br>Fax: 036705\/20631<br>email: fewo@likoerfabrik-trapp.de<br><br>Hier erhalten Sie, wenn gew\u00fcnscht, weitere Informationen. <br><br>Buchungsanfragen auf unserer Website sind unverbindlich. <br><br><\/p>\n\n\n\n<div class=\"wp-block-button\"><a class=\"wp-block-button__link has-text-color has-very-light-gray-color has-background has-vivid-cyan-blue-background-color\" href=\"http:\/\/fewo-stephan.info\/?page_id=135\">Buchungsanfrage<\/a><\/div>\n\n\n\n<p><br><br><strong>Streitbeilegung:<\/strong><br>Online-Streitbeilegung gem\u00e4\u00df Art. 14 Abs. 1 ODR-VO: Die Europ\u00e4ische Kommission stellt eine Plattform zur Online-Streitbeilegung (OS) bereit, die Sie unter  <a rel=\"noreferrer noopener\" href=\"http:\/\/ec.europa.eu\/consumers\/odr\/\" target=\"_blank\">http:\/\/ec.europa.eu\/consumers\/odr\/<\/a> finden.<\/p>\n\n\n\n<p><strong>Haftungsausschluss:<br><\/strong>Unser Angebot enth\u00e4lt Links zu externen Webseiten Dritter, auf deren&nbsp;Inhalte wir keinen Einfluss haben. Deshalb k\u00f6nnen wir f\u00fcr diese fremden&nbsp;Inhalte auch keine Gew\u00e4hr \u00fcbernehmen. F\u00fcr die Inhalte der verlinkten Seiten ist stets der jeweilige Anbieter oder Betreiber der Seiten&nbsp;verantwortlich. Die verlinkten Seiten wurden zum Zeitpunkt der Verlinkung auf m\u00f6gliche Rechtsverst\u00f6\u00dfe \u00fcberpr\u00fcft. Rechtswidrige Inhalte waren zum Zeitpunkt der Verlinkung nicht erkennbar. Eine permanente&nbsp;inhaltliche Kontrolle der verlinkten Seiten ist jedoch ohne konkrete&nbsp;Anhaltspunkte einer Rechtsverletzung nicht zumutbar. Bei bekannt werden&nbsp;von Rechtsverletzungen werden wir derartige Links umgehend entfernen.<\/p>\n\n\n\n<p><strong>Urheberrecht:<br><\/strong>Die durch die Seitenbetreiber erstellten Inhalte und Werke auf diesen Seiten unterliegen dem deutschen Urheberrecht. Beitr\u00e4ge Dritter sind als solche gekennzeichnet. Die Vervielf\u00e4ltigung, Bearbeitung,&nbsp;Verbreitung und jede Art der Verwertung au\u00dferhalb der Grenzen des&nbsp;Urheberrechtes bed\u00fcrfen der schriftlichen Zustimmung des jeweiligen&nbsp;Autors bzw. Erstellers. Downloads und Kopien dieser Seite sind nur f\u00fcr&nbsp;den privaten, nicht kommerziellen Gebrauch gestattet. Die Betreiber der&nbsp;Seiten sind bem\u00fcht, stets die Urheberrechte anderer zu beachten bzw. auf selbst erstellte sowie lizenzfreie Werke zur\u00fcckzugreifen.<\/p>\n","protected":false},"excerpt":{"rendered":"<p>Wenn wir Ihr Interesse f\u00fcr einen erholsamen Urlaub in unserer Ferienwohnung geweckt haben, wenden Sie sich bitte telefonisch oder schriftlich an: Chris StephanOrtsteil Oberwei\u00dfbachFr\u00f6belstra\u00dfe 198744 Schwarzatal Telefon: 036705\/20630Fax: 036705\/20631email: fewo@likoerfabrik-trapp.de Hier erhalten Sie, wenn gew\u00fcnscht, weitere Informationen. Buchungsanfragen auf unserer Website sind unverbindlich. Streitbeilegung:Online-Streitbeilegung gem\u00e4\u00df Art. 14 Abs. 1 ODR-VO: Die Europ\u00e4ische Kommission stellt eine [&hellip;]<\/p>\n","protected":false},"author":1,"featured_media":0,"parent":0,"menu_order":5,"comment_status":"closed","ping_status":"closed","template":"","meta":{"ngg_post_thumbnail":0},"_links":{"self":[{"href":"https:\/\/fewo-th\u00fcringen.de\/index.php?rest_route=\/wp\/v2\/pages\/46"}],"collection":[{"href":"https:\/\/fewo-th\u00fcringen.de\/index.php?rest_route=\/wp\/v2\/pages"}],"about":[{"href":"https:\/\/fewo-th\u00fcringen.de\/index.php?rest_route=\/wp\/v2\/types\/page"}],"author":[{"embeddable":true,"href":"https:\/\/fewo-th\u00fcringen.de\/index.php?rest_route=\/wp\/v2\/users\/1"}],"replies":[{"embeddable":true,"href":"https:\/\/fewo-th\u00fcringen.de\/index.php?rest_route=%2Fwp%2Fv2%2Fcomments&post=46"}],"version-history":[{"count":7,"href":"https:\/\/fewo-th\u00fcringen.de\/index.php?rest_route=\/wp\/v2\/pages\/46\/revisions"}],"predecessor-version":[{"id":611,"href":"https:\/\/fewo-th\u00fcringen.de\/index.php?rest_route=\/wp\/v2\/pages\/46\/revisions\/611"}],"wp:attachment":[{"href":"https:\/\/fewo-th\u00fcringen.de\/index.php?rest_route=%2Fwp%2Fv2%2Fmedia&parent=46"}],"curies":[{"name":"wp","href":"https:\/\/api.w.org\/{rel}","templated":true}]}}