{"id":19,"date":"2020-03-09T14:42:48","date_gmt":"2020-03-09T14:42:48","guid":{"rendered":"http:\/\/fewo-stephan.info\/?page_id=19"},"modified":"2026-03-26T10:36:13","modified_gmt":"2026-03-26T10:36:13","slug":"fewo-75-m%c2%b2","status":"publish","type":"page","link":"https:\/\/fewo-th\u00fcringen.de\/?page_id=19","title":{"rendered":"Ausstattung\/Preise"},"content":{"rendered":"\n<h2 id=\"ferienwohnung-fur-2-6-personen\">Ferienwohnung f\u00fcr 2-6 Personen<\/h2>\n\n\n\n<p><strong>Allgemeines:<\/strong><br><br>&#8211; Ferienwohnung f\u00fcr 2-6 Personen &#8211; 75 m\u00b2 Wohnfl\u00e4che<br>&#8211; Wohnzimmer mit komplett eingerichteter K\u00fcchenzeile (Herd, K\u00fchlschrank, Sp\u00fclmaschine, Mikrowelle, Toaster, Kaffeemaschine etc.)<br>&#8211; 2 getrennte Schlafzimmer (1xDoppelbett; 1xDoppelbett und 2 Einzelbetten)<br>&#8211; Bad mit Dusche und WC<br>&#8211; 1 Kinderbett m\u00f6glich (ohne Aufpreis), Bettw\u00e4sche und Handt\u00fccher inklusive&nbsp;&nbsp; <br>&#8211; Br\u00f6tchenservice (nicht an Sonn-\/Feiertagen)<\/p>\n\n\n\n<figure class=\"wp-block-image size-large is-resized\"><img loading=\"lazy\" src=\"http:\/\/fewo-stephan.info\/wp-content\/uploads\/2020\/03\/Gro\u00dfe-Fewo-Grundriss-1024x768.jpg\" alt=\"\" class=\"wp-image-339\" width=\"512\" height=\"384\" srcset=\"https:\/\/fewo-th\u00fcringen.de\/wp-content\/uploads\/2020\/03\/Gro\u00dfe-Fewo-Grundriss-1024x768.jpg 1024w, https:\/\/fewo-th\u00fcringen.de\/wp-content\/uploads\/2020\/03\/Gro\u00dfe-Fewo-Grundriss-300x225.jpg 300w, https:\/\/fewo-th\u00fcringen.de\/wp-content\/uploads\/2020\/03\/Gro\u00dfe-Fewo-Grundriss-768x576.jpg 768w, https:\/\/fewo-th\u00fcringen.de\/wp-content\/uploads\/2020\/03\/Gro\u00dfe-Fewo-Grundriss-1536x1152.jpg 1536w, https:\/\/fewo-th\u00fcringen.de\/wp-content\/uploads\/2020\/03\/Gro\u00dfe-Fewo-Grundriss.jpg 2048w\" sizes=\"(max-width: 512px) 100vw, 512px\" \/><\/figure>\n\n\n\n<p><br><\/p>\n\n\n\n<p><\/p>\n\n\n\n<p><\/p>\n\n\n\n<p><\/p>\n\n\n\n<p><\/p>\n\n\n\n<p><\/p>\n\n\n\n<p><\/p>\n\n\n\n<p><\/p>\n\n\n\n<p><strong>Preise 2025:<\/strong><\/p>\n\n\n\n<figure class=\"wp-block-table alignleft is-style-stripes\"><table><tbody><tr><td class=\"has-text-align-center\" data-align=\"center\">Anzahl<br>N\u00e4chte<\/td><td class=\"has-text-align-center\" data-align=\"center\"> Gesamtpreis <br>bis 4 Personen<br>15.04.-14.09.<\/td><td class=\"has-text-align-center\" data-align=\"center\"> Gesamtpreis <br>bis 4 Personen<br>03.01.-14.4.<br>15.09.-22.12.<\/td><td class=\"has-text-align-center\" data-align=\"center\">Mehrpreis<br>je 5.\/6. Person <\/td><\/tr><tr><td class=\"has-text-align-center\" data-align=\"center\">3<\/td><td class=\"has-text-align-center\" data-align=\"center\">258,00 \u20ac<\/td><td class=\"has-text-align-center\" data-align=\"center\">291,00 \u20ac<\/td><td class=\"has-text-align-center\" data-align=\"center\">30,00 \u20ac<\/td><\/tr><tr><td class=\"has-text-align-center\" data-align=\"center\">4<\/td><td class=\"has-text-align-center\" data-align=\"center\">324,00 \u20ac<\/td><td class=\"has-text-align-center\" data-align=\"center\">368,00 \u20ac<\/td><td class=\"has-text-align-center\" data-align=\"center\">40,00 \u20ac<\/td><\/tr><tr><td class=\"has-text-align-center\" data-align=\"center\">5<\/td><td class=\"has-text-align-center\" data-align=\"center\">395,00 \u20ac<\/td><td class=\"has-text-align-center\" data-align=\"center\">450,00 \u20ac<\/td><td class=\"has-text-align-center\" data-align=\"center\">50,00 \u20ac<\/td><\/tr><tr><td class=\"has-text-align-center\" data-align=\"center\">6<\/td><td class=\"has-text-align-center\" data-align=\"center\">456,00 \u20ac<\/td><td class=\"has-text-align-center\" data-align=\"center\">522,00 \u20ac<\/td><td class=\"has-text-align-center\" data-align=\"center\">60,00 \u20ac<\/td><\/tr><tr><td class=\"has-text-align-center\" data-align=\"center\">7<\/td><td class=\"has-text-align-center\" data-align=\"center\">497,00 \u20ac<\/td><td class=\"has-text-align-center\" data-align=\"center\">574,00 \u20ac<\/td><td class=\"has-text-align-center\" data-align=\"center\">70,00 \u20ac<\/td><\/tr><tr><td class=\"has-text-align-center\" data-align=\"center\">jede weitere<\/td><td class=\"has-text-align-center\" data-align=\"center\">   71,00 \u20ac <\/td><td class=\"has-text-align-center\" data-align=\"center\">  82,00 \u20ac<\/td><td class=\"has-text-align-center\" data-align=\"center\">10,00 \u20ac<\/td><\/tr><\/tbody><\/table><\/figure>\n\n\n\n<p><br><\/p>\n\n\n\n<p><\/p>\n\n\n\n<p><\/p>\n\n\n\n<p><\/p>\n\n\n\n<p><\/p>\n\n\n\n<p><\/p>\n\n\n\n<p><strong>Hinweise:<\/strong><br>&#8211; Mindestaufenthalt: M\u00e4rz-Okt. 3 N\u00e4chte, Nov.-Febr. 5 N\u00e4chte<br>&#8211; Kinder bis 5 Jahre als 5.\/6. Person frei<br>&#8211; im Preis enthalten: Bettw\u00e4sche Handt\u00fccher, Strom, Wasser, Heizung und Endreinigung<br>&#8211; All-Inclusive-G\u00e4stekarte der Th\u00fcringer Wald Card inklusive<br>&#8211; zzgl. Kurtaxe (2,00 \u20ac\/Nacht pro Erwachsener, 1,00 \u20ac\/Nacht pro Kind)<br>&#8211; Preise f\u00fcr Weihnachten\/Silvester auf Anfrage (Mindestaufenthalt 7 N\u00e4chte)<br><br><\/p>\n\n\n\n<div class=\"alignnormal\"><div id=\"metaslider-id-341\" style=\"width: 100%;\" class=\"ml-slider-3-20-3 metaslider metaslider-flex metaslider-341 ml-slider\">\n    <div id=\"metaslider_container_341\">\n        <div id=\"metaslider_341\">\n            <ul aria-live=\"polite\" class=\"slides\">\n                <li style=\"display: none; width: 100%;\" class=\"slide-345 ms-image\"><img src=\"https:\/\/fewo-th\u00fcringen.de\/wp-content\/uploads\/2020\/03\/Garten-Trampolin-512x384.jpg\" height=\"384\" width=\"512\" alt=\"\" class=\"slider-341 slide-345\" title=\"Garten-Trampolin\" \/><\/li>\n                <li style=\"display: none; width: 100%;\" class=\"slide-359 ms-image\"><img src=\"https:\/\/fewo-th\u00fcringen.de\/wp-content\/uploads\/2025\/06\/IMG_8813-512x384.jpg\" height=\"384\" width=\"512\" alt=\"\" class=\"slider-341 slide-359\" title=\"IMG_8813\" \/><\/li>\n                <li style=\"display: none; width: 100%;\" class=\"slide-342 ms-image\"><img src=\"https:\/\/fewo-th\u00fcringen.de\/wp-content\/uploads\/2020\/03\/70-2-512x384.jpg\" height=\"384\" width=\"512\" alt=\"\" class=\"slider-341 slide-342\" title=\"70\" \/><\/li>\n                <li style=\"display: none; width: 100%;\" class=\"slide-360 ms-image\"><img src=\"https:\/\/fewo-th\u00fcringen.de\/wp-content\/uploads\/2020\/03\/Gro\u00dfe-Wohnung-Wohnbereich-512x384.jpg\" height=\"384\" width=\"512\" alt=\"\" class=\"slider-341 slide-360\" title=\"Gro\u00dfe Wohnung - Wohnbereich\" \/><\/li>\n                <li style=\"display: none; width: 100%;\" class=\"slide-358 ms-image\"><img src=\"https:\/\/fewo-th\u00fcringen.de\/wp-content\/uploads\/2020\/03\/Gro\u00dfe-Fewo-Schlafzimmer-2-512x384.jpg\" height=\"384\" width=\"512\" alt=\"\" class=\"slider-341 slide-358\" title=\"Gro\u00dfe-Fewo-Schlafzimmer-2\" \/><\/li>\n                <li style=\"display: none; width: 100%;\" class=\"slide-344 ms-image\"><img src=\"https:\/\/fewo-th\u00fcringen.de\/wp-content\/uploads\/2020\/03\/Garten-Spielturm1-Kopie-512x384.jpg\" height=\"384\" width=\"512\" alt=\"\" class=\"slider-341 slide-344\" title=\"Garten-Spielturm1 - Kopie\" \/><\/li>\n                <li style=\"display: none; width: 100%;\" class=\"slide-362 ms-image\"><img src=\"https:\/\/fewo-th\u00fcringen.de\/wp-content\/uploads\/2025\/06\/IMG_8818-512x384.jpg\" height=\"384\" width=\"512\" alt=\"\" class=\"slider-341 slide-362\" title=\"IMG_8818\" \/><\/li>\n                <li style=\"display: none; width: 100%;\" class=\"slide-343 ms-image\"><img src=\"https:\/\/fewo-th\u00fcringen.de\/wp-content\/uploads\/2020\/03\/Garten-1-512x384.jpg\" height=\"384\" width=\"512\" alt=\"\" class=\"slider-341 slide-343\" title=\"Garten-1\" \/><\/li>\n                <li style=\"display: none; width: 100%;\" class=\"slide-361 ms-image\"><img src=\"https:\/\/fewo-th\u00fcringen.de\/wp-content\/uploads\/2020\/03\/Gro\u00dfe-Wohnung-K\u00fcche-512x384.jpg\" height=\"384\" width=\"512\" alt=\"\" class=\"slider-341 slide-361\" title=\"Gro\u00dfe Wohnung - K\u00fcche\" \/><\/li>\n            <\/ul>\n        <\/div>\n        \n    <\/div>\n<\/div><\/div>\n\n\n\n<div class=\"wp-block-button has-custom-font-size is-style-fill has-small-font-size\"><a class=\"wp-block-button__link has-very-light-gray-color has-vivid-cyan-blue-background-color has-text-color has-background\" href=\"http:\/\/fewo-stephan.info\/?page_id=62\" style=\"border-radius:27px\">Belegungsplan<\/a><\/div>\n\n\n\n<p><\/p>\n","protected":false},"excerpt":{"rendered":"<p>Ferienwohnung f\u00fcr 2-6 Personen Allgemeines: &#8211; Ferienwohnung f\u00fcr 2-6 Personen &#8211; 75 m\u00b2 Wohnfl\u00e4che&#8211; Wohnzimmer mit komplett eingerichteter K\u00fcchenzeile (Herd, K\u00fchlschrank, Sp\u00fclmaschine, Mikrowelle, Toaster, Kaffeemaschine etc.)&#8211; 2 getrennte Schlafzimmer (1xDoppelbett; 1xDoppelbett und 2 Einzelbetten)&#8211; Bad mit Dusche und WC&#8211; 1 Kinderbett m\u00f6glich (ohne Aufpreis), Bettw\u00e4sche und Handt\u00fccher inklusive&nbsp;&nbsp; &#8211; Br\u00f6tchenservice (nicht an Sonn-\/Feiertagen) Preise 2025: [&hellip;]<\/p>\n","protected":false},"author":1,"featured_media":0,"parent":149,"menu_order":1,"comment_status":"closed","ping_status":"closed","template":"","meta":{"ngg_post_thumbnail":0},"_links":{"self":[{"href":"https:\/\/fewo-th\u00fcringen.de\/index.php?rest_route=\/wp\/v2\/pages\/19"}],"collection":[{"href":"https:\/\/fewo-th\u00fcringen.de\/index.php?rest_route=\/wp\/v2\/pages"}],"about":[{"href":"https:\/\/fewo-th\u00fcringen.de\/index.php?rest_route=\/wp\/v2\/types\/page"}],"author":[{"embeddable":true,"href":"https:\/\/fewo-th\u00fcringen.de\/index.php?rest_route=\/wp\/v2\/users\/1"}],"replies":[{"embeddable":true,"href":"https:\/\/fewo-th\u00fcringen.de\/index.php?rest_route=%2Fwp%2Fv2%2Fcomments&post=19"}],"version-history":[{"count":29,"href":"https:\/\/fewo-th\u00fcringen.de\/index.php?rest_route=\/wp\/v2\/pages\/19\/revisions"}],"predecessor-version":[{"id":906,"href":"https:\/\/fewo-th\u00fcringen.de\/index.php?rest_route=\/wp\/v2\/pages\/19\/revisions\/906"}],"up":[{"embeddable":true,"href":"https:\/\/fewo-th\u00fcringen.de\/index.php?rest_route=\/wp\/v2\/pages\/149"}],"wp:attachment":[{"href":"https:\/\/fewo-th\u00fcringen.de\/index.php?rest_route=%2Fwp%2Fv2%2Fmedia&parent=19"}],"curies":[{"name":"wp","href":"https:\/\/api.w.org\/{rel}","templated":true}]}}