{"id":142,"date":"2020-03-18T09:14:19","date_gmt":"2020-03-18T09:14:19","guid":{"rendered":"http:\/\/fewo-stephan.info\/?page_id=142"},"modified":"2026-03-26T14:16:12","modified_gmt":"2026-03-26T14:16:12","slug":"fewo-35-m%c2%b2-2","status":"publish","type":"page","link":"https:\/\/fewo-th\u00fcringen.de\/?page_id=142","title":{"rendered":"Fewo 35 m\u00b2"},"content":{"rendered":"\n<p>Wir  bieten Ihnen zwei komplett ausgestattete Nichtraucher-Ferienwohnungen.  Diese sind komfortabel und familienfreundlich eingerichtet. Auf Wunsch  stehen Ihnen u. a. Kinderbett und Hochstuhl zur Verf\u00fcgung. Spiele f\u00fcr Gro\u00df und Klein sowie  im Garten ein Spielturm mit Schaukel, Rutsche und Sandkasten sowie ein  Trampolin und eine Tischtennisplatte k\u00f6nnen genutzt werden. Weiterhin  gibt es im Garten eine Terrasse mit Gartenm\u00f6beln. Die Wohnungen verf\u00fcgen  \u00fcber Radio und TV. Bettw\u00e4sche und Handt\u00fccher werden von uns kostenlos  zur Verf\u00fcgung gestellt. In den Wohnungen k\u00f6nnen Sie WLAN gratis nutzen.<br><br>Mit  Ihrer G\u00e4stekarte Schwarzatal k\u00f6nnen Sie u. a. Busse in der Region und  die Schwarzatalbahn sowie die Th\u00fcringer WaldCard kostenlos nutzen und die All-Inclusive-G\u00e4stekarte der Th\u00fcringer Wald Card erhalten Sie gratis und k\u00f6nnen somit viele Freizeitaktivit\u00e4ten kostenfrei nutzen.<br><br>Die kleine Wohnung f\u00fcr 2 Personen hat ein  Schlafzimmer, Wohnraum mit Minik\u00fcche und Bad mit Dusche\/WC.<br><br>Haustiere sind nicht gestattet.<\/p>\n\n\n\n<figure class=\"wp-container-2 wp-block-gallery-1 wp-block-gallery has-nested-images columns-default is-cropped\">\n<figure class=\"wp-block-image size-large\"><img loading=\"lazy\" width=\"1024\" height=\"678\" data-id=\"146\"  src=\"http:\/\/fewo-stephan.info\/wp-content\/uploads\/2020\/03\/Aussen-Spielturm1-1024x678.jpg\" alt=\"\" class=\"wp-image-146\" srcset=\"https:\/\/fewo-th\u00fcringen.de\/wp-content\/uploads\/2020\/03\/Aussen-Spielturm1-1024x678.jpg 1024w, https:\/\/fewo-th\u00fcringen.de\/wp-content\/uploads\/2020\/03\/Aussen-Spielturm1-300x199.jpg 300w, https:\/\/fewo-th\u00fcringen.de\/wp-content\/uploads\/2020\/03\/Aussen-Spielturm1-768x509.jpg 768w, https:\/\/fewo-th\u00fcringen.de\/wp-content\/uploads\/2020\/03\/Aussen-Spielturm1-1536x1017.jpg 1536w, https:\/\/fewo-th\u00fcringen.de\/wp-content\/uploads\/2020\/03\/Aussen-Spielturm1-2048x1356.jpg 2048w\" sizes=\"(max-width: 1024px) 100vw, 1024px\" \/><\/figure>\n\n\n\n<figure class=\"wp-block-image size-full\"><img loading=\"lazy\" width=\"554\" height=\"367\" data-id=\"152\"  src=\"https:\/\/fewo-th\u00fcringen.de\/wp-content\/uploads\/2020\/03\/Garten-Terrasse-1.gif\" alt=\"\" class=\"wp-image-152\"\/><\/figure>\n<\/figure>\n\n\n\n<p><\/p>\n\n\n\n<div class=\"wp-container-3 is-content-justification-center wp-block-buttons\">\n<div class=\"wp-block-button\"><a class=\"wp-block-button__link has-white-color has-vivid-cyan-blue-background-color has-text-color has-background\" href=\"https:\/\/fewo-th\u00fcringen.de\/?page_id=51\"><strong>Ausstattung\/Preise<\/strong><\/a><\/div>\n\n\n\n<div class=\"wp-block-button\"><a class=\"wp-block-button__link has-white-color has-vivid-cyan-blue-background-color has-text-color has-background\" href=\"https:\/\/fewo-th\u00fcringen.de\/?page_id=131\"><strong>Belegungsplan<\/strong><\/a><\/div>\n\n\n\n<div class=\"wp-block-button\"><a class=\"wp-block-button__link has-white-color has-vivid-cyan-blue-background-color has-text-color has-background\" href=\"https:\/\/fewo-th\u00fcringen.de\/?page_id=135\"><strong>Buchungsanfrage<\/strong><\/a><\/div>\n<\/div>\n\n\n\n<p><\/p>\n","protected":false},"excerpt":{"rendered":"<p>Wir bieten Ihnen zwei komplett ausgestattete Nichtraucher-Ferienwohnungen. Diese sind komfortabel und familienfreundlich eingerichtet. Auf Wunsch stehen Ihnen u. a. Kinderbett und Hochstuhl zur Verf\u00fcgung. Spiele f\u00fcr Gro\u00df und Klein sowie im Garten ein Spielturm mit Schaukel, Rutsche und Sandkasten sowie ein Trampolin und eine Tischtennisplatte k\u00f6nnen genutzt werden. Weiterhin gibt es im Garten eine Terrasse [&hellip;]<\/p>\n","protected":false},"author":1,"featured_media":0,"parent":0,"menu_order":0,"comment_status":"closed","ping_status":"closed","template":"","meta":{"ngg_post_thumbnail":0},"_links":{"self":[{"href":"https:\/\/fewo-th\u00fcringen.de\/index.php?rest_route=\/wp\/v2\/pages\/142"}],"collection":[{"href":"https:\/\/fewo-th\u00fcringen.de\/index.php?rest_route=\/wp\/v2\/pages"}],"about":[{"href":"https:\/\/fewo-th\u00fcringen.de\/index.php?rest_route=\/wp\/v2\/types\/page"}],"author":[{"embeddable":true,"href":"https:\/\/fewo-th\u00fcringen.de\/index.php?rest_route=\/wp\/v2\/users\/1"}],"replies":[{"embeddable":true,"href":"https:\/\/fewo-th\u00fcringen.de\/index.php?rest_route=%2Fwp%2Fv2%2Fcomments&post=142"}],"version-history":[{"count":12,"href":"https:\/\/fewo-th\u00fcringen.de\/index.php?rest_route=\/wp\/v2\/pages\/142\/revisions"}],"predecessor-version":[{"id":911,"href":"https:\/\/fewo-th\u00fcringen.de\/index.php?rest_route=\/wp\/v2\/pages\/142\/revisions\/911"}],"wp:attachment":[{"href":"https:\/\/fewo-th\u00fcringen.de\/index.php?rest_route=%2Fwp%2Fv2%2Fmedia&parent=142"}],"curies":[{"name":"wp","href":"https:\/\/api.w.org\/{rel}","templated":true}]}}